{"id":39757,"date":"2025-04-03T08:44:20","date_gmt":"2025-04-03T06:44:20","guid":{"rendered":"https:\/\/irmine.lu\/?page_id=39757"},"modified":"2025-04-03T09:31:05","modified_gmt":"2025-04-03T07:31:05","slug":"aktiviteitsrapport-2024","status":"publish","type":"page","link":"https:\/\/irmine.lu\/lu\/aktiviteitsrapport-2024\/","title":{"rendered":"Aktivit\u00e9itsrapport 2024"},"content":{"rendered":"<p>[vc_row][vc_column][vc_column_text]<\/p>\n<h2 style=\"text-align: center;\"><strong><span style=\"color: #003b87;\">Aktivit\u00e9itsrapport 2024<\/span> <\/strong><\/h2>\n<h2 style=\"text-align: center;\"><strong><span style=\"color: #003b87;\">\u00c4r Done fir de Fonds d\u2019avenir br\u00e9nge Friichten!<\/span><\/strong><\/h2>\n<h2><\/h2>\n<p>De Verwaltungsrot an d\u2019Ekipp vun der Fondatioun soen Iech Merci fir dat gutt Joer 2024 a free\u00eb sech 2025 zesumme mat Iech virunzefueren! Hei en Iwwerbl\u00e9ck iwwer d\u2019Aktivit\u00e9iten an d\u2019Resultat vun der Fondatioun am Joer 2024.<\/p>\n<p><strong><span style=\"color: #003b87; font-size: 14pt;\">1. D\u2019Joer an Zuelen<\/span><\/strong><\/p>\n<p><span style=\"color: #003b87;\">Gesamtzomm, d\u00e9i 2024 erakomm ass: 1.464.882.- Euro<\/span><br \/>\n<span style=\"color: #a09958;\">Projeten, d\u00e9i 2024 \u00ebnnerst\u00ebtzt goufen: 29<\/span><br \/>\n<span style=\"color: #003b87;\">Zuel vun Donen: 6.022 <\/span><br \/>\n<span style=\"color: #003b87;\"><span style=\"color: #a09958;\">Zuel vun Donateuren\/Donatricen: 3.097<\/span> <\/span><br \/>\n<span style=\"color: #003b87;\">Zomm, d\u00e9i fir de Fonds d\u2019avenir erakomm ass: 296.263.- Euro<\/span><\/p>\n<p><span style=\"color: #003b87;\"><strong><span style=\"font-size: 14pt;\">1. Al an nei Projeten<\/span><\/strong><\/span><\/p>\n<p>Am Februar 2024 huet d\u2019Fondatioun Sainte-Irmine en Spendenappell lanc\u00e9iert, fir eng <strong><span style=\"color: #a09958;\">pakistanesch Famill<\/span><\/strong> ze \u00ebnnerst\u00ebtzen, d\u00e9i w\u00e9inst hirem Glawen aus hirem Land huet misse fl\u00fcchten. Eisen \u00c4erzb\u00ebschof huet zesumme mat der Ekipp vu Reech eng Hand dofir gesuergt, datt d\u00ebs kathoulesch Famill, d\u00e9i e Jong huet, zu L\u00ebtzebuerg nei uf\u00e4nke kann.<\/p>\n<p>Am Laf vum Summer konnt de Projet vun der <strong><span style=\"color: #a09958;\">Renov\u00e9ierung vun der Glacis-Kapell<\/span><\/strong> ofgeschloss ginn. No gr\u00e9issere Renovatiounsaarbechten huet d\u2019Kapell de 14. August 2024 nees hir Diren opgemaach a present\u00e9iert sech haut m\u00e9i sch\u00e9i w\u00e9i jee.<\/p>\n<p>Am Kader vun der Initiativ \u201c<strong><span style=\"color: #a09958;\">Valorisatioun vun der Kathedral<\/span><\/strong>\u201d konnt 2024 dank enger R\u00ebtsch gener\u00e9isen Donateuren en \u00e9ischte Projet realis\u00e9iert ginn: d\u2019Restauratioun vun zwou groussen Tapisserien aus dem 17. Jorhonnert, d\u00e9i den hl. Ignatius an den hl. Franz Xaver duerstellen.<\/p>\n<p><img decoding=\"async\" class=\"wp-image-39571 alignright\" src=\"https:\/\/irmine.lu\/wp-content\/uploads\/2025\/01\/IMG_7101-scaled.jpg\" alt=\"\" width=\"293\" height=\"220\" srcset=\"https:\/\/irmine.lu\/wp-content\/uploads\/2025\/01\/IMG_7101-scaled.jpg 2560w, https:\/\/irmine.lu\/wp-content\/uploads\/2025\/01\/IMG_7101-300x225.jpg 300w, https:\/\/irmine.lu\/wp-content\/uploads\/2025\/01\/IMG_7101-1024x768.jpg 1024w, https:\/\/irmine.lu\/wp-content\/uploads\/2025\/01\/IMG_7101-768x576.jpg 768w, https:\/\/irmine.lu\/wp-content\/uploads\/2025\/01\/IMG_7101-1536x1152.jpg 1536w, https:\/\/irmine.lu\/wp-content\/uploads\/2025\/01\/IMG_7101-2048x1536.jpg 2048w, https:\/\/irmine.lu\/wp-content\/uploads\/2025\/01\/IMG_7101-958x719.jpg 958w, https:\/\/irmine.lu\/wp-content\/uploads\/2025\/01\/IMG_7101-400x300.jpg 400w\" sizes=\"(max-width: 293px) 100vw, 293px\" \/>En 2024 koum de Projet <strong><span style=\"color: #a09958;\">Karibuni<\/span><\/strong> u s\u00e4in Enn. Fir 2025 iwwerh\u00eblt d\u2019Fondatioun en neie Projet vum JRS (Jesuit Refugee Service): <strong><span style=\"color: #a09958;\">Ubuntu rebondit a Sproochecoursen<\/span><\/strong>. Am M\u00ebttelpunkt vun d\u00ebsem Projet, dee sech u jonk erwuesse Fl\u00fcchtlingen an deplac\u00e9iert Persounen adress\u00e9iert, stinn d\u2019Beg\u00e9inung an den Accueil w\u00e9i och Visitten an de \u201cCentres de r\u00e9tention\u201d. De Projet propos\u00e9iert doniewent solidaresch Sproochecoursen op Frans\u00e9isch, fir d\u2019Integratioun vun de jonken Erwuessenen ze vereinfachen.<\/p>\n<p>Am Dezember 2024 huet d\u2019Fondatioun en neie Projet an der Jugendpastoral lanc\u00e9iert: <strong><span style=\"color: #a09958;\">Thailand 2025<\/span><\/strong> propos\u00e9iert eng Pilgerrees an Thailand fir Jonker zesumme mat eisem \u00c4erzb\u00ebschof am August 2025; w\u00e4rend der Rees beg\u00e9ine si dem Vollek vun de Karen.<\/p>\n<p><strong><span style=\"color: #003b87; font-size: 14pt;\">1. Wichteg Momenter fir d\u2019Fondatioun<\/span><\/strong><\/p>\n<p><strong><span style=\"color: #a09958;\"><img decoding=\"async\" class=\"wp-image-39751 alignleft\" src=\"https:\/\/irmine.lu\/wp-content\/uploads\/2025\/04\/Cocktail-Maison-Inigo.jpg\" alt=\"\" width=\"293\" height=\"220\" srcset=\"https:\/\/irmine.lu\/wp-content\/uploads\/2025\/04\/Cocktail-Maison-Inigo.jpg 1600w, https:\/\/irmine.lu\/wp-content\/uploads\/2025\/04\/Cocktail-Maison-Inigo-300x225.jpg 300w, https:\/\/irmine.lu\/wp-content\/uploads\/2025\/04\/Cocktail-Maison-Inigo-1024x768.jpg 1024w, https:\/\/irmine.lu\/wp-content\/uploads\/2025\/04\/Cocktail-Maison-Inigo-768x576.jpg 768w, https:\/\/irmine.lu\/wp-content\/uploads\/2025\/04\/Cocktail-Maison-Inigo-1536x1152.jpg 1536w, https:\/\/irmine.lu\/wp-content\/uploads\/2025\/04\/Cocktail-Maison-Inigo-958x719.jpg 958w, https:\/\/irmine.lu\/wp-content\/uploads\/2025\/04\/Cocktail-Maison-Inigo-400x300.jpg 400w\" sizes=\"(max-width: 293px) 100vw, 293px\" \/>&#8211; En Empfang fir d\u2019Donateuren an der Maison I\u00f1igo<\/span> <\/strong><\/p>\n<p>De 15. Mee 2024 huet d\u2019Maison I\u00f1igo en Empfang fir d\u2019Donateure vun der Fondatioun Sainte-Irmine organis\u00e9iert. D\u00ebst war eng gutt Gelee\u00ebnheet, fir den Donateure Merci ze soen an d\u2019Aarbechten an der Maison I\u00f1igo mat hiren Auswierkungen op d\u00e9i vill Aktivit\u00e9iten, d\u00e9i hei organis\u00e9iert ginn, virzestellen. D\u2019Fondatioun huet en Deel vun de K\u00e4schten iwwerholl an un d\u00ebsem sch\u00e9inen Evenement deel geholl.<\/p>\n<p><strong><span style=\"color: #a09958;\">&#8211; D&#8217;T\u00ebleesmass <img decoding=\"async\" class=\"wp-image-39755 alignright\" src=\"https:\/\/irmine.lu\/wp-content\/uploads\/2025\/04\/202409-TVsmass.png\" alt=\"Teleesmass\" width=\"392\" height=\"220\" srcset=\"https:\/\/irmine.lu\/wp-content\/uploads\/2025\/04\/202409-TVsmass.png 1334w, https:\/\/irmine.lu\/wp-content\/uploads\/2025\/04\/202409-TVsmass-300x169.png 300w, https:\/\/irmine.lu\/wp-content\/uploads\/2025\/04\/202409-TVsmass-1024x576.png 1024w, https:\/\/irmine.lu\/wp-content\/uploads\/2025\/04\/202409-TVsmass-768x432.png 768w, https:\/\/irmine.lu\/wp-content\/uploads\/2025\/04\/202409-TVsmass-958x539.png 958w, https:\/\/irmine.lu\/wp-content\/uploads\/2025\/04\/202409-TVsmass-400x225.png 400w\" sizes=\"(max-width: 392px) 100vw, 392px\" \/><\/span> <\/strong><\/p>\n<p>De 15. September 2024 huet d\u2019Fondatioun Sainte-Irmine eng T\u00ebleesmass organis\u00e9iert, d\u00e9i aus der Glacis-Kapell iwwerdroe gouf. Nodeems d\u2019Aarbechten am Summer 2024 ofgeschloss goufen, war d\u00ebst eng gutt Gelee\u00ebnheet fir de Public vun der T\u00ebleesmass, fir d\u2019Resultat vun der Renovatioun vun der Kapell ze gesinn. D\u2019Mass gouf presid\u00e9iert vum Chanoine Patrick Muller, Generalvikar a Rekter vun der Kapell, an amin\u00e9iert vun de Seminaristen zu L\u00ebtzebuerg. D\u00ebst war e Moment vu Gebiet a vu Merci fir all Donateure vun der St\u00ebftung. Am Virfeld vun der T\u00ebleesmass war e Br\u00e9if un d\u00e9i 1.202 Donateure vum Projet T\u00ebleesmass gaangen.<\/p>\n<p><strong><span style=\"color: #a09958;\">&#8211; D\u2019Visitt vum Poopst Franziskus<\/span><\/strong><\/p>\n<p><img decoding=\"async\" class=\"wp-image-39208 alignleft\" src=\"https:\/\/irmine.lu\/wp-content\/uploads\/2024\/10\/20240930150619-c6a246c9-xx.jpg\" alt=\"\" width=\"391\" height=\"220\" srcset=\"https:\/\/irmine.lu\/wp-content\/uploads\/2024\/10\/20240930150619-c6a246c9-xx.jpg 1656w, https:\/\/irmine.lu\/wp-content\/uploads\/2024\/10\/20240930150619-c6a246c9-xx-300x169.jpg 300w, https:\/\/irmine.lu\/wp-content\/uploads\/2024\/10\/20240930150619-c6a246c9-xx-1024x577.jpg 1024w, https:\/\/irmine.lu\/wp-content\/uploads\/2024\/10\/20240930150619-c6a246c9-xx-768x433.jpg 768w, https:\/\/irmine.lu\/wp-content\/uploads\/2024\/10\/20240930150619-c6a246c9-xx-1536x865.jpg 1536w, https:\/\/irmine.lu\/wp-content\/uploads\/2024\/10\/20240930150619-c6a246c9-xx-958x540.jpg 958w, https:\/\/irmine.lu\/wp-content\/uploads\/2024\/10\/20240930150619-c6a246c9-xx-400x225.jpg 400w\" sizes=\"(max-width: 391px) 100vw, 391px\" \/>De 26. September 2024 ass de Poopst fir een Dag op Visitt op L\u00ebtzebuerg komm. Bei d\u00ebser Gelee\u00ebnheet war d\u2019Fondatioun Sainte-Irmine beoptraacht ginn, fir Donen ze sammelen, fir esou dem Poopst e Kaddo z\u2019offr\u00e9ieren, zu gonschte vum Dicast\u00e8re vum Service vun der Baarmh\u00e4erzegkeet (apostolesch Aum\u00f4nerie) am Vatikan. Mat grousser Freed konnt den \u00c4erzb\u00ebschof 179.930 Euro un de Poopst iwwerreechen; d\u00ebsen huet awer spontan s\u00e4i Wonsch zum Ausdrock bruecht, datt d\u2019Suen zu L\u00ebtzebuerg bleiwe sollten an hei genotzt gi fir aarm a benodeelegt Leit a fir Fl\u00fcchtlingen. Eng \u00e9ischt Tranche vun 100.000 Euro gouf Ufank 2025 u f\u00ebnnef karitativ Organisatioune verdeelt.<\/p>\n<p><span style=\"font-size: 14pt;\"><strong><span style=\"color: #003b87;\">4. Besonnesch \u00cbnnerst\u00ebtzung fir d\u2019Fondatioun<\/span><\/strong><\/span><\/p>\n<p>Zu deene ville klenge Gesten, d\u00e9i dacks net opfalen, geh\u00e9iert d\u2019\u00cbnnerst\u00ebtzung duerch d\u2019Kanner vun der <strong><span style=\"color: #a09958;\">\u00e9ischter Kommioun vu Bartreng-Stroossen<\/span><\/strong>, d\u00e9i hir Famillje gefrot haten, fir en Don un d\u2019Fondatioun ze maachen, fir esou d\u2019Lokalsektioun Bartreng-Stroossen vu <span style=\"color: #a09958;\">Reech eng Hand<\/span> ze \u00ebnnerst\u00ebtzen. D\u2019Fondatioun seet hinnen en h\u00e4erzleche Merci!<\/p>\n<p>Merci soe mir och de Kanner vun der <strong><span style=\"color: #a09958;\">\u00e9ischter Kommioun vu Leideleng<\/span><\/strong>, d\u00e9i hir Famillje invit\u00e9iert haten, en Don un d\u2019Fondatioun ze maache zu Gonschte vu <span style=\"color: #a09958;\">MISSIO L\u00ebtzebuerg<\/span>.<\/p>\n<p>D\u2019Fondatioun ass och alle <strong><span style=\"color: #a09958;\">Famillje vu l\u00e9iwe Verstuerwenen<\/span><\/strong> dankbar, d\u00e9i bei d\u00ebser Gelee\u00ebnheet Projeten \u00ebnnerst\u00ebtzen. Dat ass eng grouss H\u00ebllef!<\/p>\n<p><strong><span style=\"color: #003b87; font-size: 14pt;\">5. De Fonds d\u2019avenir<\/span><\/strong><\/p>\n<p><img decoding=\"async\" class=\"wp-image-38317 alignleft\" src=\"https:\/\/irmine.lu\/wp-content\/uploads\/2023\/11\/Fonds-Avenir-logo-FR-RVB.jpg\" alt=\"Fonds d'avenir\" width=\"330\" height=\"220\" srcset=\"https:\/\/irmine.lu\/wp-content\/uploads\/2023\/11\/Fonds-Avenir-logo-FR-RVB.jpg 1700w, https:\/\/irmine.lu\/wp-content\/uploads\/2023\/11\/Fonds-Avenir-logo-FR-RVB-300x200.jpg 300w, https:\/\/irmine.lu\/wp-content\/uploads\/2023\/11\/Fonds-Avenir-logo-FR-RVB-1024x682.jpg 1024w, https:\/\/irmine.lu\/wp-content\/uploads\/2023\/11\/Fonds-Avenir-logo-FR-RVB-768x511.jpg 768w, https:\/\/irmine.lu\/wp-content\/uploads\/2023\/11\/Fonds-Avenir-logo-FR-RVB-1536x1023.jpg 1536w, https:\/\/irmine.lu\/wp-content\/uploads\/2023\/11\/Fonds-Avenir-logo-FR-RVB-958x638.jpg 958w, https:\/\/irmine.lu\/wp-content\/uploads\/2023\/11\/Fonds-Avenir-logo-FR-RVB-600x400.jpg 600w, https:\/\/irmine.lu\/wp-content\/uploads\/2023\/11\/Fonds-Avenir-logo-FR-RVB-400x266.jpg 400w\" sizes=\"(max-width: 330px) 100vw, 330px\" \/>Zanter senger Schafung virun 10 Joer konnt de Fonds d\u2019avenir e Kapital vu <span style=\"color: #a09958;\">m\u00e9i w\u00e9i 3,6 Milliounen Euro<\/span> opbauen. D\u2019Z\u00ebnse vun de Placementer hunn 2024 133.811 Euro erabruecht.<\/p>\n<p><strong><span style=\"color: #a09958;\">Am M\u00e4erz 2025 konnt d\u2019Fondatioun Sainte-Irmine d\u00ebs 133.811 Euro un de Bistum weiderleeden, fir esou zur Finanz\u00e9ierung vun de Paie vu jonke Geeschtlechen a Laien am kierchlechen D\u00e9ngscht b\u00e4izedroen.<\/span> <\/strong><\/p>\n<p>Mir si frou an houfreg ze gesinn, datt de Fonds d\u2019avenir \u00e9ischt Friichte br\u00e9ngt!<\/p>\n<p>2024 huet d\u2019Fondatioun weider Reklamm fir de Fonds d\u2019avenir gemaach, d\u00ebst besonnesch w\u00e4rend der Oktav.<\/p>\n<p><strong><span style=\"color: #003b87; font-size: 14pt;\">6. D\u2019Verwaltung vun der Fondatioun<\/span><\/strong><\/p>\n<p>W\u00e4rend dem Exercice 2024 huet sech de Verwaltungsrot \u00ebnnert dem Virs\u00ebtz vun eisem H\u00e4r \u00c4erzb\u00ebschof dr\u00e4i Mol zesummefonnt fir d\u2019Gestioun vun der St\u00ebftung. D\u2019Joer 2024 war besonnesch gepr\u00e4\u00e4gt vun den Aarbechten ronder\u00ebm d\u2019Statuten\u00e4nnerungen an der Suite vum neie Gesetz iwwer d\u2019Associatiounen an d\u2019Fondatiounen a vun der Entw\u00e9cklung vun enger Investitiounspolitik vun de Placementer.<br \/>\nD\u2019Ekipp vun der Fondatioun tr\u00ebfft sech all Woch, fir d\u00e9i alldeeglech Verwaltung vun der St\u00ebftung a fir d\u2019Ausschaffe vun Outilen, fir Reklamm ze maache fir d\u2019Projeten. Iwwer eisen Internetsite bleiwe mir no bei den Donateuren, a mir hunn en oppent Ouer fir hir W\u00ebnsch.<\/p>\n<p><strong><span style=\"color: #003b87; font-size: 14pt;\">7. Donen, d\u00e9i 2024 erakomm sinn an an d\u2019Projeten invest\u00e9iert goufen<\/span><\/strong><\/p>\n<p>W\u00e4rend dem Joer 2024 huet d\u2019Fondatioun Donen an Testamenter am Gesamtw\u00e4ert vun 1.464,882.- Euro krut; eng Zomm, d\u00e9i d\u00e4itlech m\u00e9i h\u00e9ich ass w\u00e9i d\u2019Joer 2023. D\u00e9i Projeten, d\u00e9i am meeschte vun den Donatricen an Donateuren \u00ebnnerst\u00ebtzt goufen, si w\u00e9i dat Joer virdrun de Fonds d\u2019avenir, de Kierchefong (d\u2019Poren an d\u2019Kierchefabricken) an d\u2019T\u00ebleesmass. Op ee Bl\u00e9ck gesidd Dir an deenen zwee Grafiken heidr\u00ebnner d\u2019Zomm, d\u00e9i pro Projet erakomm ass, an de Gesamtmontant pro Kategorie vu Projeten. D\u00e9i 2 Grafiken heidr\u00ebnner ginn op ee Bl\u00e9ck eng Iwwersiicht, wivill pro Projet erakomm ass an op wivill de Gesamtbetrag pro Projetskategorie sech beleeft.<\/p>\n<p><img decoding=\"async\" width=\"2370\" height=\"1419\" class=\"alignnone size-full wp-image-39747\" src=\"https:\/\/irmine.lu\/wp-content\/uploads\/2025\/04\/2024-camembert.jpg\" alt=\"Joresrapport\" srcset=\"https:\/\/irmine.lu\/wp-content\/uploads\/2025\/04\/2024-camembert.jpg 2370w, https:\/\/irmine.lu\/wp-content\/uploads\/2025\/04\/2024-camembert-300x180.jpg 300w, https:\/\/irmine.lu\/wp-content\/uploads\/2025\/04\/2024-camembert-1024x613.jpg 1024w, https:\/\/irmine.lu\/wp-content\/uploads\/2025\/04\/2024-camembert-768x460.jpg 768w, https:\/\/irmine.lu\/wp-content\/uploads\/2025\/04\/2024-camembert-1536x920.jpg 1536w, https:\/\/irmine.lu\/wp-content\/uploads\/2025\/04\/2024-camembert-2048x1226.jpg 2048w, https:\/\/irmine.lu\/wp-content\/uploads\/2025\/04\/2024-camembert-958x574.jpg 958w, https:\/\/irmine.lu\/wp-content\/uploads\/2025\/04\/2024-camembert-400x239.jpg 400w\" sizes=\"(max-width: 2370px) 100vw, 2370px\" \/><img decoding=\"async\" width=\"2560\" height=\"1729\" class=\"alignnone size-full wp-image-39743\" src=\"https:\/\/irmine.lu\/wp-content\/uploads\/2025\/04\/2024-graph-projets-scaled.jpg\" alt=\"Joresrapport\" srcset=\"https:\/\/irmine.lu\/wp-content\/uploads\/2025\/04\/2024-graph-projets-scaled.jpg 2560w, https:\/\/irmine.lu\/wp-content\/uploads\/2025\/04\/2024-graph-projets-300x203.jpg 300w, https:\/\/irmine.lu\/wp-content\/uploads\/2025\/04\/2024-graph-projets-1024x692.jpg 1024w, https:\/\/irmine.lu\/wp-content\/uploads\/2025\/04\/2024-graph-projets-768x519.jpg 768w, https:\/\/irmine.lu\/wp-content\/uploads\/2025\/04\/2024-graph-projets-1536x1038.jpg 1536w, https:\/\/irmine.lu\/wp-content\/uploads\/2025\/04\/2024-graph-projets-2048x1383.jpg 2048w, https:\/\/irmine.lu\/wp-content\/uploads\/2025\/04\/2024-graph-projets-958x647.jpg 958w, https:\/\/irmine.lu\/wp-content\/uploads\/2025\/04\/2024-graph-projets-400x270.jpg 400w\" sizes=\"(max-width: 2560px) 100vw, 2560px\" \/><\/p>\n<p>De Verwaltungsrot an d\u2019Ekipp vun der Fondatioun soen allen Donatricen an Donateuren villmools Merci fir hir Generosit\u00e9it an hir Trei.<\/p>\n<p>De finanzielle Bilan vum Exercice 2024 vun der Fondatioun Sainte-Irmine an d\u2019audit\u00e9iert Konte sinn am Juni 2025 disponibel.<\/p>\n<p>Dir hutt eng Fro oder eng Ufro? Mir si fir Iech do: info@irmine.lu, Tel. 462023.<\/p>\n<p>[\/vc_column_text][\/vc_column][\/vc_row]<\/p>\n","protected":false},"excerpt":{"rendered":"<p>[vc_row][vc_column][vc_column_text] Aktivit\u00e9itsrapport 2024 \u00c4r Done fir de Fonds d\u2019avenir br\u00e9nge Friichten! De Verwaltungsrot an d\u2019Ekipp vun der Fondatioun soen Iech Merci fir dat gutt Joer 2024 a free\u00eb sech 2025 zesumme mat Iech virunzefueren! Hei en Iwwerbl\u00e9ck iwwer d\u2019Aktivit\u00e9iten an d\u2019Resultat vun der Fondatioun am Joer 2024. 1. D\u2019Joer an Zuelen Gesamtzomm, d\u00e9i 2024 erakomm ass: 1.464.882.- Euro Projeten, d\u00e9i 2024 \u00ebnnerst\u00ebtzt goufen: 29 Zuel vun Donen: 6.022 Zuel vun Donateuren\/Donatricen: 3.097 Zomm, d\u00e9i fir de Fonds d\u2019avenir erakomm ass: 296.263.- Euro 1. Al an nei Projeten Am Februar 2024 huet d\u2019Fondatioun Sainte-Irmine en Spendenappell lanc\u00e9iert, fir eng pakistanesch Famill ze \u00ebnnerst\u00ebtzen, d\u00e9i w\u00e9inst hirem Glawen aus hirem Land huet misse fl\u00fcchten. Eisen \u00c4erzb\u00ebschof huet zesumme mat der Ekipp vu Reech eng Hand dofir gesuergt, datt d\u00ebs kathoulesch Famill, d\u00e9i e Jong huet, zu L\u00ebtzebuerg nei uf\u00e4nke kann. Am Laf vum Summer konnt de Projet vun der Renov\u00e9ierung vun der Glacis-Kapell ofgeschloss ginn. No gr\u00e9issere Renovatiounsaarbechten huet d\u2019Kapell de 14. August 2024 nees hir Diren opgemaach a present\u00e9iert sech haut m\u00e9i sch\u00e9i w\u00e9i jee. Am Kader vun der Initiativ \u201cValorisatioun vun der Kathedral\u201d konnt 2024 dank enger R\u00ebtsch gener\u00e9isen Donateuren en \u00e9ischte Projet realis\u00e9iert ginn: d\u2019Restauratioun vun zwou groussen Tapisserien aus dem 17. Jorhonnert, d\u00e9i den hl. Ignatius an den hl. Franz Xaver duerstellen. En 2024 koum de Projet Karibuni u s\u00e4in Enn. Fir 2025 iwwerh\u00eblt d\u2019Fondatioun en neie Projet vum JRS (Jesuit Refugee Service): Ubuntu rebondit a Sproochecoursen. Am M\u00ebttelpunkt vun d\u00ebsem Projet, dee sech u jonk erwuesse Fl\u00fcchtlingen an deplac\u00e9iert Persounen adress\u00e9iert, stinn d\u2019Beg\u00e9inung an den Accueil w\u00e9i och Visitten an de \u201cCentres de r\u00e9tention\u201d. De Projet propos\u00e9iert doniewent solidaresch Sproochecoursen op Frans\u00e9isch, fir d\u2019Integratioun vun de jonken Erwuessenen ze vereinfachen. Am Dezember 2024 huet d\u2019Fondatioun en neie Projet an der Jugendpastoral lanc\u00e9iert: Thailand 2025 propos\u00e9iert eng Pilgerrees an Thailand fir Jonker zesumme mat eisem \u00c4erzb\u00ebschof am August 2025; w\u00e4rend der Rees beg\u00e9ine si dem Vollek vun de Karen. 1. Wichteg Momenter fir d\u2019Fondatioun &#8211; En Empfang fir d\u2019Donateuren an der Maison I\u00f1igo De 15. Mee 2024 huet d\u2019Maison I\u00f1igo en Empfang fir d\u2019Donateure vun der Fondatioun Sainte-Irmine organis\u00e9iert. D\u00ebst war eng gutt Gelee\u00ebnheet, fir den Donateure Merci ze soen an d\u2019Aarbechten an der Maison I\u00f1igo mat hiren Auswierkungen op d\u00e9i vill Aktivit\u00e9iten, d\u00e9i hei organis\u00e9iert ginn, virzestellen. D\u2019Fondatioun huet en Deel vun de K\u00e4schten iwwerholl an un d\u00ebsem sch\u00e9inen Evenement deel geholl. &#8211; D&#8217;T\u00ebleesmass De 15. September 2024 huet d\u2019Fondatioun Sainte-Irmine eng T\u00ebleesmass organis\u00e9iert, d\u00e9i aus der Glacis-Kapell iwwerdroe gouf. Nodeems d\u2019Aarbechten am Summer 2024 ofgeschloss goufen, war d\u00ebst eng gutt Gelee\u00ebnheet fir de Public vun der T\u00ebleesmass, fir d\u2019Resultat vun der Renovatioun vun der Kapell ze gesinn. D\u2019Mass gouf presid\u00e9iert vum Chanoine Patrick Muller, Generalvikar a Rekter vun der Kapell, an amin\u00e9iert vun de Seminaristen zu L\u00ebtzebuerg. D\u00ebst war e Moment vu Gebiet a vu Merci fir all Donateure vun der St\u00ebftung. Am Virfeld vun der T\u00ebleesmass war e Br\u00e9if un d\u00e9i 1.202 Donateure vum Projet T\u00ebleesmass gaangen. &#8211; D\u2019Visitt vum Poopst Franziskus De 26. September 2024 ass de Poopst fir een Dag op Visitt op L\u00ebtzebuerg komm. Bei d\u00ebser Gelee\u00ebnheet war d\u2019Fondatioun Sainte-Irmine beoptraacht ginn, [&hellip;]<\/p>\n","protected":false},"author":8,"featured_media":39785,"parent":0,"menu_order":0,"comment_status":"closed","ping_status":"closed","template":"","meta":{"footnotes":""},"_links":{"self":[{"href":"https:\/\/irmine.lu\/lu\/wp-json\/wp\/v2\/pages\/39757"}],"collection":[{"href":"https:\/\/irmine.lu\/lu\/wp-json\/wp\/v2\/pages"}],"about":[{"href":"https:\/\/irmine.lu\/lu\/wp-json\/wp\/v2\/types\/page"}],"author":[{"embeddable":true,"href":"https:\/\/irmine.lu\/lu\/wp-json\/wp\/v2\/users\/8"}],"replies":[{"embeddable":true,"href":"https:\/\/irmine.lu\/lu\/wp-json\/wp\/v2\/comments?post=39757"}],"version-history":[{"count":11,"href":"https:\/\/irmine.lu\/lu\/wp-json\/wp\/v2\/pages\/39757\/revisions"}],"predecessor-version":[{"id":39777,"href":"https:\/\/irmine.lu\/lu\/wp-json\/wp\/v2\/pages\/39757\/revisions\/39777"}],"wp:featuredmedia":[{"embeddable":true,"href":"https:\/\/irmine.lu\/lu\/wp-json\/wp\/v2\/media\/39785"}],"wp:attachment":[{"href":"https:\/\/irmine.lu\/lu\/wp-json\/wp\/v2\/media?parent=39757"}],"curies":[{"name":"wp","href":"https:\/\/api.w.org\/{rel}","templated":true}]}}